{"id":963,"date":"2025-01-29T20:40:44","date_gmt":"2025-01-29T17:40:44","guid":{"rendered":"https:\/\/deltalazer.com\/?page_id=963"},"modified":"2025-06-04T14:23:39","modified_gmt":"2025-06-04T11:23:39","slug":"bolgesel-incelme","status":"publish","type":"page","link":"https:\/\/deltalazer.com\/?page_id=963","title":{"rendered":"B\u00f6lgesel \u0130ncelme"},"content":{"rendered":"\n<p>.<\/p>\n\n\n\n<figure class=\"wp-block-image size-large\"><img fetchpriority=\"high\" decoding=\"async\" width=\"1024\" height=\"512\" src=\"https:\/\/deltalazer.com\/wp-content\/uploads\/2025\/02\/Bolgesel-Incelme-Set-1-1024x512.png\" alt=\"\" class=\"wp-image-1085\" srcset=\"https:\/\/deltalazer.com\/wp-content\/uploads\/2025\/02\/Bolgesel-Incelme-Set-1-1024x512.png 1024w, https:\/\/deltalazer.com\/wp-content\/uploads\/2025\/02\/Bolgesel-Incelme-Set-1-300x150.png 300w, https:\/\/deltalazer.com\/wp-content\/uploads\/2025\/02\/Bolgesel-Incelme-Set-1-768x384.png 768w, https:\/\/deltalazer.com\/wp-content\/uploads\/2025\/02\/Bolgesel-Incelme-Set-1-600x300.png 600w, https:\/\/deltalazer.com\/wp-content\/uploads\/2025\/02\/Bolgesel-Incelme-Set-1.png 1200w\" sizes=\"(max-width: 1024px) 100vw, 1024px\" \/><\/figure>\n\n\n\n<p>.<\/p>\n\n\n\n<h2 class=\"wp-block-heading\">\u00d6zellikler<\/h2>\n\n\n\n<p>Sistem i\u00e7erisinde 4 adet frekans jenerat\u00f6r\u00fc bulundurur. 1.7Mhz \u00e7al\u0131\u015fma frekans\u0131na sahiptir. 350W G\u00fc\u00e7 t\u00fcketir. T\u00fcm v\u00fccuda uygulanabilir. Uygluma sonras\u0131 5-25cm aras\u0131 incelme sa\u011flar. Uygulama b\u00f6lgesindeki ya\u011flar\u0131 par\u00e7alar ve par\u00e7alanan ya\u011flar zamanla v\u00fccuttan at\u0131l\u0131r.<\/p>\n\n\n\n<h2 class=\"wp-block-heading\">\u00d6nemli Uyar\u0131lar<\/h2>\n\n\n\n<p>Ba\u015fl\u0131klar\u0131n tak\u0131lmamas\u0131 veya kablolar\u0131n kopmas\u0131 sebebi ile frekans kart\u0131 bo\u015fta \u00e7al\u0131\u015fmaya maruz kal\u0131r ve transist\u00f6rler zarar g\u00f6rebilir. Ba\u015fl\u0131kta bulunan ledler kontrol kart\u0131ndaki led + ve led- \u00e7\u0131k\u0131\u015f\u0131na do\u011frudan tak\u0131lmamal\u0131d\u0131r. Led+ ve led- \u00e7\u0131k\u0131\u015flar\u0131na bir voltaj reg\u00fclat\u00f6r\u00fc tak\u0131lmal\u0131 ve o voltaj reg\u00fclat\u00f6r\u00fc \u00fczerinden ba\u015fl\u0131k ledleri 1.4VDC ile 1.85VDC gerilim de\u011ferleri aras\u0131nda bir de\u011ferde kontrol edilmelidir. 36V smps g\u00fc\u00e7 kayna\u011f\u0131 32VDC ile 34VDC gerilim de\u011feri aras\u0131nda bir de\u011fere ayarlanmal\u0131d\u0131r. Piezo disklerin kararmas\u0131 olduk\u00e7a do\u011far bir s\u00fcre\u00e7tir kararman\u0131n ba\u015fl\u0131ca sebebi cilde dokundurulmadan ba\u015fl\u0131klar\u0131n \u00e7al\u0131\u015ft\u0131r\u0131lmas\u0131 ve seans sonralar\u0131 disklerin temizlenmemesidir. Ultrason jeli kurudu\u011fu zaman ilk ba\u015ftaki toz haline geri d\u00f6ner ve disklerin \u00fczerinde g\u00f6r\u00fcnmez bir tabaka olu\u015fturur ve kararmalara neden olur. Disklerin \u00fczerine su damlatarak kuruyan jel tekrardan jel k\u0131vam\u0131na getirilip temizlenebilir. \u0130\u015flem dikkatli yap\u0131lmal\u0131d\u0131r.<\/p>\n\n\n\n<h2 class=\"wp-block-heading\">Olu\u015fabilecek Problemler ve Tespiti<\/h2>\n\n\n\n<p>Piezolar\u0131n \u00e7al\u0131\u015f\u0131p \u00e7al\u0131\u015fmad\u0131\u011f\u0131 \u00f6l\u00e7\u00fc aletinin buzzer modunda iki ucuna dokundurularak \u00f6\u011frenilebilir e\u011fer bir \u00f6tme durumu varsa piezo disk ar\u0131zal\u0131d\u0131r. Bir di\u011fer yandan \u00f6l\u00e7\u00fc aleti kapasitans \u00f6l\u00e7\u00fcm modunda piezo diskin iki kablo ucuna dokundurulmal\u0131 ve piezo diskin de\u011feri \u00f6l\u00e7\u00fclmelidir de\u011fer genellikle 1700-2200pF aras\u0131d\u0131r di\u011fer de\u011ferler bozuk oldu\u011funa i\u015farettir. Bozulan piezolar\u0131n sebepleri + ve &#8211; ba\u011flant\u0131lar\u0131n\u0131n yanl\u0131\u015f ba\u011flanmas\u0131ndan, jelsiz kullan\u0131mdan, bo\u015fta \u00e7al\u0131\u015ft\u0131rmaktan olabilir. Piezo diskler ba\u015fl\u0131\u011fa yerle\u015ftirilmeden \u00f6nce disk ile aluminyum aras\u0131na conta yerle\u015ftirilmeli ve diskler komple ka\u011f\u0131t bantla kaplanmal\u0131d\u0131r. Ka\u011f\u0131t bantla kablanman\u0131n ve silikonla yap\u0131\u015ft\u0131r\u0131lman\u0131n ard\u0131ndan piezo disklerin + u\u00e7lar\u0131yla al\u00fcminyum levha aras\u0131nda bir k\u0131sa devre varm\u0131 yokmu diye kontrol edilmelidir. Kontrol\u00fcn ard\u0131ndan di\u011fer piezo diskler ile de kendi aralar\u0131nda bir k\u0131sa devre s\u00f6z konusumu diye bak\u0131lmal\u0131d\u0131r. Ba\u015fl\u0131k kablolar\u0131n\u0131n konnekt\u00f6r k\u0131s\u0131mlar\u0131n\u0131n zarar g\u00f6rmesi sebebi ile \u00e7e\u015fitli k\u0131sa devreler ger\u00e7ekle\u015febilir. Ledlerin bozulmas\u0131 durumuda yine bu sebepten olabilir yada voltaj reg\u00fclat\u00f6r\u00fc yanl\u0131\u015f veya fazla de\u011fere ayarlanm\u0131\u015f olabilir. E\u011ferki bir ba\u015fl\u0131k \u00e7al\u0131\u015ft\u0131r\u0131ld\u0131\u011f\u0131nda di\u011fer ba\u015fl\u0131klarda \u00e7al\u0131\u015f\u0131yorsa. Eski yapt\u0131\u011f\u0131n\u0131z ba\u011flant\u0131 hatalar\u0131 nedeniyle r\u00f6leler yap\u0131\u015fm\u0131\u015f ve zamanla bozulmu\u015ftur anakart \u00fczerindeki r\u00f6leler de\u011fi\u015fmelidir. Bu sistem uzun s\u00fcre ve y\u0131llarca \u00e7al\u0131\u015f\u0131rl\u0131\u011f\u0131 test edilip onaylanm\u0131\u015f bir sistemdir olas\u0131 ar\u0131zalar\u0131n tamam\u0131 montaj kusurlar\u0131 veya ba\u015fl\u0131k kablolar\u0131n\u0131n m\u00fc\u015fteri taraf\u0131ndan \u00e7eki\u015ftirilmesi nedeni ile mike konnekt\u00f6rden k\u0131r\u0131larak birbirine temas etmesi veya tamamen kopmas\u0131 sebebi ile ger\u00e7ekle\u015fir. Ba\u015fl\u0131k ledleri 1206 k\u0131l\u0131f smd k\u0131rm\u0131z\u0131 led lerdir problem a\u011fn\u0131nda tamam\u0131 s\u00f6k\u00fclerek de\u011fi\u015ftirilmelidir.<\/p>\n\n\n\n<h2 class=\"wp-block-heading\">Teknik \u00c7izim<\/h2>\n\n\n\n<div data-wp-interactive=\"core\/file\" class=\"wp-block-file\"><object data-wp-bind--hidden=\"!state.hasPdfPreview\" hidden class=\"wp-block-file__embed\" data=\"https:\/\/deltalazer.com\/wp-content\/uploads\/2025\/02\/Zayiflama-Frekans-Karti-Teknik-Cizim.pdf\" type=\"application\/pdf\" style=\"width:100%;height:600px\" aria-label=\"Zay\u0131flama Frekans Kart\u0131 Teknik \u00c7izim g\u00f6m\u00fcs\u00fc.\"><\/object><a id=\"wp-block-file--media-6b478e2d-0bac-44ab-bc83-d757dae1a39f\" href=\"https:\/\/deltalazer.com\/wp-content\/uploads\/2025\/02\/Zayiflama-Frekans-Karti-Teknik-Cizim.pdf\">Zay\u0131flama Frekans Kart\u0131 Teknik \u00c7izim<\/a><a href=\"https:\/\/deltalazer.com\/wp-content\/uploads\/2025\/02\/Zayiflama-Frekans-Karti-Teknik-Cizim.pdf\" class=\"wp-block-file__button wp-element-button\" download aria-describedby=\"wp-block-file--media-6b478e2d-0bac-44ab-bc83-d757dae1a39f\">\u0130ndir<\/a><\/div>\n\n\n\n<div data-wp-interactive=\"core\/file\" class=\"wp-block-file\"><object data-wp-bind--hidden=\"!state.hasPdfPreview\" hidden class=\"wp-block-file__embed\" data=\"https:\/\/deltalazer.com\/wp-content\/uploads\/2025\/02\/Zayiflama-Kontrol-Karti-Teknik-Cizim.pdf\" type=\"application\/pdf\" style=\"width:100%;height:600px\" aria-label=\"Zay\u0131flama Kontrol Kart\u0131 Teknik \u00c7izim g\u00f6m\u00fcs\u00fc.\"><\/object><a id=\"wp-block-file--media-c85ef697-0127-4faa-b561-8ae68b1da0b9\" href=\"https:\/\/deltalazer.com\/wp-content\/uploads\/2025\/02\/Zayiflama-Kontrol-Karti-Teknik-Cizim.pdf\">Zay\u0131flama Kontrol Kart\u0131 Teknik \u00c7izim<\/a><a href=\"https:\/\/deltalazer.com\/wp-content\/uploads\/2025\/02\/Zayiflama-Kontrol-Karti-Teknik-Cizim.pdf\" class=\"wp-block-file__button wp-element-button\" download aria-describedby=\"wp-block-file--media-c85ef697-0127-4faa-b561-8ae68b1da0b9\">\u0130ndir<\/a><\/div>\n\n\n\n<h2 class=\"wp-block-heading\">Ba\u011flant\u0131 \u015eemas\u0131<\/h2>\n\n\n\n<div data-wp-interactive=\"core\/file\" class=\"wp-block-file\"><object data-wp-bind--hidden=\"!state.hasPdfPreview\" hidden class=\"wp-block-file__embed\" data=\"https:\/\/deltalazer.com\/wp-content\/uploads\/2025\/02\/ZAYIFLAMA-BAGLANTI-SEMASI.pdf\" type=\"application\/pdf\" style=\"width:100%;height:600px\" aria-label=\"ZAYIFLAMA BAGLANTI SEMASI g\u00f6m\u00fcs\u00fc.\"><\/object><a id=\"wp-block-file--media-23396c84-cbf9-42f0-90fb-475bda1fe2c6\" href=\"https:\/\/deltalazer.com\/wp-content\/uploads\/2025\/02\/ZAYIFLAMA-BAGLANTI-SEMASI.pdf\">ZAYIFLAMA BAGLANTI SEMASI<\/a><a href=\"https:\/\/deltalazer.com\/wp-content\/uploads\/2025\/02\/ZAYIFLAMA-BAGLANTI-SEMASI.pdf\" class=\"wp-block-file__button wp-element-button\" download aria-describedby=\"wp-block-file--media-23396c84-cbf9-42f0-90fb-475bda1fe2c6\">\u0130ndir<\/a><\/div>\n\n\n\n<div data-wp-interactive=\"core\/file\" class=\"wp-block-file\"><object data-wp-bind--hidden=\"!state.hasPdfPreview\" hidden class=\"wp-block-file__embed\" data=\"https:\/\/deltalazer.com\/wp-content\/uploads\/2025\/02\/Zayiflama-Baslik-Icleri-Baglanti-Semasi.pdf\" type=\"application\/pdf\" style=\"width:100%;height:600px\" aria-label=\"Zay\u0131flama Ba\u015fl\u0131k \u0130\u00e7leri Ba\u011flant\u0131 \u015eemas\u0131 g\u00f6m\u00fcs\u00fc.\"><\/object><a id=\"wp-block-file--media-ef7fff6d-b125-4ea0-9c9d-571e8ccff610\" href=\"https:\/\/deltalazer.com\/wp-content\/uploads\/2025\/02\/Zayiflama-Baslik-Icleri-Baglanti-Semasi.pdf\">Zay\u0131flama Ba\u015fl\u0131k \u0130\u00e7leri Ba\u011flant\u0131 \u015eemas\u0131<\/a><a href=\"https:\/\/deltalazer.com\/wp-content\/uploads\/2025\/02\/Zayiflama-Baslik-Icleri-Baglanti-Semasi.pdf\" class=\"wp-block-file__button wp-element-button\" download aria-describedby=\"wp-block-file--media-ef7fff6d-b125-4ea0-9c9d-571e8ccff610\">\u0130ndir<\/a><\/div>\n","protected":false},"excerpt":{"rendered":"<p>. . \u00d6zellikler Sistem i\u00e7erisinde 4 adet frekans jenerat\u00f6r\u00fc bulundurur. 1.7Mhz \u00e7al\u0131\u015fma frekans\u0131na sahiptir. 350W G\u00fc\u00e7 t\u00fcketir. T\u00fcm v\u00fccuda uygulanabilir. Uygluma sonras\u0131 5-25cm aras\u0131 incelme sa\u011flar. Uygulama b\u00f6lgesindeki ya\u011flar\u0131 par\u00e7alar ve par\u00e7alanan ya\u011flar zamanla v\u00fccuttan at\u0131l\u0131r. \u00d6nemli Uyar\u0131lar Ba\u015fl\u0131klar\u0131n tak\u0131lmamas\u0131 veya kablolar\u0131n kopmas\u0131 sebebi ile frekans kart\u0131 bo\u015fta \u00e7al\u0131\u015fmaya maruz kal\u0131r ve transist\u00f6rler zarar g\u00f6rebilir.&hellip;&nbsp;<a href=\"https:\/\/deltalazer.com\/?page_id=963\" rel=\"bookmark\">Daha fazlas\u0131n\u0131 oku &raquo;<span class=\"screen-reader-text\">B\u00f6lgesel \u0130ncelme<\/span><\/a><\/p>\n","protected":false},"author":1,"featured_media":0,"parent":0,"menu_order":0,"comment_status":"closed","ping_status":"closed","template":"","meta":{"om_disable_all_campaigns":false,"_monsterinsights_skip_tracking":false,"_monsterinsights_sitenote_active":false,"_monsterinsights_sitenote_note":"","_monsterinsights_sitenote_category":0,"neve_meta_sidebar":"","neve_meta_container":"","neve_meta_enable_content_width":"","neve_meta_content_width":0,"neve_meta_title_alignment":"","neve_meta_author_avatar":"","neve_post_elements_order":"","neve_meta_disable_header":"","neve_meta_disable_footer":"","neve_meta_disable_title":"","_themeisle_gutenberg_block_has_review":false,"footnotes":""},"class_list":["post-963","page","type-page","status-publish","hentry"],"aioseo_notices":[],"_links":{"self":[{"href":"https:\/\/deltalazer.com\/index.php?rest_route=\/wp\/v2\/pages\/963","targetHints":{"allow":["GET"]}}],"collection":[{"href":"https:\/\/deltalazer.com\/index.php?rest_route=\/wp\/v2\/pages"}],"about":[{"href":"https:\/\/deltalazer.com\/index.php?rest_route=\/wp\/v2\/types\/page"}],"author":[{"embeddable":true,"href":"https:\/\/deltalazer.com\/index.php?rest_route=\/wp\/v2\/users\/1"}],"replies":[{"embeddable":true,"href":"https:\/\/deltalazer.com\/index.php?rest_route=%2Fwp%2Fv2%2Fcomments&post=963"}],"version-history":[{"count":10,"href":"https:\/\/deltalazer.com\/index.php?rest_route=\/wp\/v2\/pages\/963\/revisions"}],"predecessor-version":[{"id":1200,"href":"https:\/\/deltalazer.com\/index.php?rest_route=\/wp\/v2\/pages\/963\/revisions\/1200"}],"wp:attachment":[{"href":"https:\/\/deltalazer.com\/index.php?rest_route=%2Fwp%2Fv2%2Fmedia&parent=963"}],"curies":[{"name":"wp","href":"https:\/\/api.w.org\/{rel}","templated":true}]}}