{"id":961,"date":"2025-01-29T20:40:43","date_gmt":"2025-01-29T17:40:43","guid":{"rendered":"https:\/\/deltalazer.com\/?page_id=961"},"modified":"2025-02-02T15:05:44","modified_gmt":"2025-02-02T12:05:44","slug":"ipl","status":"publish","type":"page","link":"https:\/\/deltalazer.com\/?page_id=961","title":{"rendered":"IPL EKRAN + KONTROL KARTI"},"content":{"rendered":"\n<p> .<\/p>\n\n\n\n<figure class=\"wp-block-image size-large\"><img fetchpriority=\"high\" decoding=\"async\" width=\"1024\" height=\"512\" src=\"https:\/\/deltalazer.com\/wp-content\/uploads\/2025\/02\/Bir-baslik-ekleyin-2-1024x512.png\" alt=\"\" class=\"wp-image-1056\" srcset=\"https:\/\/deltalazer.com\/wp-content\/uploads\/2025\/02\/Bir-baslik-ekleyin-2-1024x512.png 1024w, https:\/\/deltalazer.com\/wp-content\/uploads\/2025\/02\/Bir-baslik-ekleyin-2-300x150.png 300w, https:\/\/deltalazer.com\/wp-content\/uploads\/2025\/02\/Bir-baslik-ekleyin-2-768x384.png 768w, https:\/\/deltalazer.com\/wp-content\/uploads\/2025\/02\/Bir-baslik-ekleyin-2-600x300.png 600w, https:\/\/deltalazer.com\/wp-content\/uploads\/2025\/02\/Bir-baslik-ekleyin-2.png 1200w\" sizes=\"(max-width: 1024px) 100vw, 1024px\" \/><\/figure>\n\n\n\n<p>.<\/p>\n\n\n\n<h2 class=\"wp-block-heading\">\u00d6zellikler<\/h2>\n\n\n\n<p>Kontrol kart\u0131 t\u00fcm IPL sistemleri i\u00e7in uyumludur. \u00d6rne\u011fin tek so\u011fuk hava veya bir so\u011fuk hava bir buz ba\u015fl\u0131k \u015feklinde kullan\u0131ma uygundur. So\u011fuk hava ba\u011flant\u0131 \u015fekli s\u00fcp\u00fcrge motorlar\u0131 ve jetfanlar\u0131 kullanmak i\u00e7in uyumludur. 4 Adet sens\u00f6r giri\u015fi bulunmaktad\u0131r. <\/p>\n\n\n\n<ul class=\"wp-block-list\">\n<li>Evap Sens\u00f6r\u00fc : Evaparat\u00f6r\u00fcn s\u0131cakl\u0131\u011f\u0131n\u0131 \u00f6l\u00e7er.<\/li>\n\n\n\n<li>Kondanser Sens\u00f6r\u00fc : Kondanser deki s\u0131cakl\u0131\u011f\u0131 \u00f6l\u00e7erek kompres\u00f6r\u00fcn g\u00fcvenli \u00e7al\u0131\u015fmas\u0131n\u0131 sa\u011flar. <\/li>\n\n\n\n<li>Ortam S\u0131cakl\u0131k Sens\u00f6r\u00fc : Oda s\u0131cakl\u0131\u011f\u0131 \u00f6l\u00e7er ve cihaz\u0131n g\u00fcvenli \u00e7al\u0131\u015fmas\u0131n\u0131 destekler.<\/li>\n\n\n\n<li>Su S\u0131cakl\u0131k Sens\u00f6r\u00fc : Su s\u0131cakl\u0131\u011f\u0131n\u0131 kontrol eder.<\/li>\n\n\n\n<li>Statik Elektrik Korumas\u0131 Kapasitif Ekranlardan Kaynaklanan Statik Atlamalar\u0131 \u00d6nler ve \u0130\u015flemciyi Korur<\/li>\n\n\n\n<li>Ters Polarite Korumas\u0131<\/li>\n\n\n\n<li>Y\u00fcksek Voltaj Korumas\u0131 <\/li>\n\n\n\n<li>Al\u00e7ak Gerilim Korumas\u0131<\/li>\n\n\n\n<li>RS232 Haberle\u015fme protokol\u00fc<\/li>\n\n\n\n<li>Kullan\u0131m \u00d6mr\u00fc 8.000 Saat Olarak \u00d6ng\u00f6r\u00fclmektedir<\/li>\n\n\n\n<li>Elektro manyetik koruma kaplamas\u0131<\/li>\n\n\n\n<li>\u00c7ift \u00c7ekirdekli \u0130\u015flem G\u00fcc\u00fc<\/li>\n\n\n\n<li>T\u00fcm s\u0131cakl\u0131k kontrol ve ar\u0131za durumlar\u0131 ayarlar\u0131n\u0131 arka plan ayarlar\u0131ndan de\u011fi\u015ftirebilme imkan\u0131<\/li>\n\n\n\n<li>Kont\u00f6rl\u00fc ve kont\u00f6rs\u00fcz olarak kullanabilme imkan\u0131<\/li>\n<\/ul>\n\n\n\n<h2 class=\"wp-block-heading\">\u00d6nemli Uyar\u0131lar<\/h2>\n\n\n\n<p>Anakart, power ve ba\u015fl\u0131\u011fa giden kablolardan uzak noktada olmal\u0131d\u0131r. Simmer voltaj\u0131 y\u00fcksek frekansl\u0131 ve 1kV n\u0131n \u00fczerinde gerilim \u00e7\u0131k\u0131\u015f\u0131na sahip oldu\u011fundan power topraklama ile muhakkak korunmal\u0131d\u0131r. L\u00fctfen power da bulunan metal \u00e7er\u00e7eveyi s\u00f6kmeyiniz. EMI filtre bulunmayan sistemler de ve d\u00fc\u015f\u00fck kaliteli smps kullan\u0131lan sistemlerde anakart\u0131n kullan\u0131m \u00f6mr\u00fc d\u00fc\u015fecektir. Bu tip g\u00fc\u00e7 kaynaklar\u0131n\u0131n kullan\u0131m\u0131 ve topraklama sisteminin iyi yap\u0131lmamas\u0131ndan dolay\u0131 dc gerilimin \u00fczerine y\u00fcksek frekans birle\u015fenleri yani harmonikler eklenecek ve devre elemanlar\u0131n\u0131n \u00f6mr\u00fcn\u00fc azaltt\u0131\u011f\u0131 gibi nadir durumlarda da bu harmonikler i\u015flemciye ula\u015facakt\u0131r. Bu durum haf\u0131zan\u0131n s\u0131f\u0131rlanmas\u0131na neden olabilir. E\u011fer bu tip durumlarla kar\u015f\u0131la\u015fmak istemiyorsan\u0131z 190VAC-240VAC \u00e7al\u0131\u015fma gerilimine sahip medikal sertifikal\u0131 g\u00fc\u00e7 kaynaklar\u0131 kullanabilirsiniz. Buna ek olarak \u015febekeden kaynakl\u0131 sorunlar\u0131 \u00e7\u00f6zmek i\u00e7in bir EMI filtre sistemin ana 220VAC giri\u015fine eklenmelidir.<\/p>\n\n\n\n<p>Kart \u00fczerinde bulunan r\u00f6leler sadece dijital ve izole bir \u00e7\u0131k\u0131\u015f verme g\u00f6revleri i\u00e7in tasarlanm\u0131\u015ft\u0131r. Y\u00fcksek amperli elektronik elemanlar\u0131 s\u00fcrmek veya kontrol etmek i\u00e7in tasarlanmam\u0131\u015ft\u0131r. Y\u00fcksek amperli elektronik birle\u015fenleri l\u00fctfen yard\u0131mc\u0131 elektro mekanik veya elektronik devre elemanlar\u0131 ile kontrol ediniz! Aksi taktirde kapasitif end\u00fcktif ve end\u00fcktif y\u00fcklerde r\u00f6leler anl\u0131k ak\u0131m art\u0131\u015f\u0131ndan dolay\u0131 kontaklar\u0131 birbirine punta olacak ve yap\u0131\u015facakt\u0131r.<\/p>\n\n\n\n<p>Ekovat su so\u011futmal\u0131 sistemlerde kompres\u00f6r\u00fcn topraklamas\u0131n\u0131 l\u00fctfen iyi yap\u0131n\u0131z ve suya metal bir sens\u00f6r temas ettirmeyiniz onun yerine silikon izolasyonlu bir sens\u00f6r tercih etmelisiniz bu durum evap bak\u0131r borular\u0131 i\u00e7inde ge\u00e7erlidir. Kompres\u00f6rde ka\u00e7ak olmas\u0131 halinde sens\u00f6r i\u015flemcinin analog pinlerine do\u011frudan ba\u011flant\u0131l\u0131 oldu\u011fundan dolay\u0131 i\u015flemci zarar g\u00f6rebilir.<\/p>\n\n\n\n<h2 class=\"wp-block-heading\">Tenkik \u00c7izim<\/h2>\n\n\n\n<div data-wp-interactive=\"core\/file\" class=\"wp-block-file\"><object data-wp-bind--hidden=\"!state.hasPdfPreview\" hidden class=\"wp-block-file__embed\" data=\"https:\/\/deltalazer.com\/wp-content\/uploads\/2025\/02\/IPL-Kontrol-Karti-Teknik-Cizim.pdf\" type=\"application\/pdf\" style=\"width:100%;height:600px\" aria-label=\"IPL Kontrol Kart\u0131 Teknik \u00c7izim g\u00f6m\u00fcs\u00fc.\"><\/object><a id=\"wp-block-file--media-7942af07-ae32-489d-bfc9-75c29b517154\" href=\"https:\/\/deltalazer.com\/wp-content\/uploads\/2025\/02\/IPL-Kontrol-Karti-Teknik-Cizim.pdf\">IPL Kontrol Kart\u0131 Teknik \u00c7izim<\/a><a href=\"https:\/\/deltalazer.com\/wp-content\/uploads\/2025\/02\/IPL-Kontrol-Karti-Teknik-Cizim.pdf\" class=\"wp-block-file__button wp-element-button\" download aria-describedby=\"wp-block-file--media-7942af07-ae32-489d-bfc9-75c29b517154\">\u0130ndir<\/a><\/div>\n\n\n\n<p>.<\/p>\n\n\n\n<h2 class=\"wp-block-heading\">Ba\u011flant\u0131 \u015eemas\u0131<\/h2>\n\n\n\n<div data-wp-interactive=\"core\/file\" class=\"wp-block-file\"><object data-wp-bind--hidden=\"!state.hasPdfPreview\" hidden class=\"wp-block-file__embed\" data=\"https:\/\/deltalazer.com\/wp-content\/uploads\/2025\/02\/IPL-Kontrol-Karti-Baglanti-Semasi.pdf\" type=\"application\/pdf\" style=\"width:100%;height:600px\" aria-label=\"IPL Kontrol Kart\u0131 Ba\u011flant\u0131 \u015eemas\u0131 g\u00f6m\u00fcs\u00fc.\"><\/object><a id=\"wp-block-file--media-2270cdf1-c6dc-459e-aead-64eb47667291\" href=\"https:\/\/deltalazer.com\/wp-content\/uploads\/2025\/02\/IPL-Kontrol-Karti-Baglanti-Semasi.pdf\">IPL Kontrol Kart\u0131 Ba\u011flant\u0131 \u015eemas\u0131<\/a><a href=\"https:\/\/deltalazer.com\/wp-content\/uploads\/2025\/02\/IPL-Kontrol-Karti-Baglanti-Semasi.pdf\" class=\"wp-block-file__button wp-element-button\" download aria-describedby=\"wp-block-file--media-2270cdf1-c6dc-459e-aead-64eb47667291\">\u0130ndir<\/a><\/div>\n\n\n\n<p><\/p>\n","protected":false},"excerpt":{"rendered":"<p>. . \u00d6zellikler Kontrol kart\u0131 t\u00fcm IPL sistemleri i\u00e7in uyumludur. \u00d6rne\u011fin tek so\u011fuk hava veya bir so\u011fuk hava bir buz ba\u015fl\u0131k \u015feklinde kullan\u0131ma uygundur. So\u011fuk hava ba\u011flant\u0131 \u015fekli s\u00fcp\u00fcrge motorlar\u0131 ve jetfanlar\u0131 kullanmak i\u00e7in uyumludur. 4 Adet sens\u00f6r giri\u015fi bulunmaktad\u0131r. \u00d6nemli Uyar\u0131lar Anakart, power ve ba\u015fl\u0131\u011fa giden kablolardan uzak noktada olmal\u0131d\u0131r. Simmer voltaj\u0131 y\u00fcksek frekansl\u0131&hellip;&nbsp;<a href=\"https:\/\/deltalazer.com\/?page_id=961\" rel=\"bookmark\">Daha fazlas\u0131n\u0131 oku &raquo;<span class=\"screen-reader-text\">IPL EKRAN + KONTROL KARTI<\/span><\/a><\/p>\n","protected":false},"author":1,"featured_media":0,"parent":0,"menu_order":0,"comment_status":"closed","ping_status":"closed","template":"","meta":{"om_disable_all_campaigns":false,"_monsterinsights_skip_tracking":false,"_monsterinsights_sitenote_active":false,"_monsterinsights_sitenote_note":"","_monsterinsights_sitenote_category":0,"neve_meta_sidebar":"","neve_meta_container":"","neve_meta_enable_content_width":"","neve_meta_content_width":0,"neve_meta_title_alignment":"","neve_meta_author_avatar":"","neve_post_elements_order":"","neve_meta_disable_header":"","neve_meta_disable_footer":"","neve_meta_disable_title":"","_themeisle_gutenberg_block_has_review":false,"footnotes":""},"class_list":["post-961","page","type-page","status-publish","hentry"],"aioseo_notices":[],"_links":{"self":[{"href":"https:\/\/deltalazer.com\/index.php?rest_route=\/wp\/v2\/pages\/961","targetHints":{"allow":["GET"]}}],"collection":[{"href":"https:\/\/deltalazer.com\/index.php?rest_route=\/wp\/v2\/pages"}],"about":[{"href":"https:\/\/deltalazer.com\/index.php?rest_route=\/wp\/v2\/types\/page"}],"author":[{"embeddable":true,"href":"https:\/\/deltalazer.com\/index.php?rest_route=\/wp\/v2\/users\/1"}],"replies":[{"embeddable":true,"href":"https:\/\/deltalazer.com\/index.php?rest_route=%2Fwp%2Fv2%2Fcomments&post=961"}],"version-history":[{"count":24,"href":"https:\/\/deltalazer.com\/index.php?rest_route=\/wp\/v2\/pages\/961\/revisions"}],"predecessor-version":[{"id":1070,"href":"https:\/\/deltalazer.com\/index.php?rest_route=\/wp\/v2\/pages\/961\/revisions\/1070"}],"wp:attachment":[{"href":"https:\/\/deltalazer.com\/index.php?rest_route=%2Fwp%2Fv2%2Fmedia&parent=961"}],"curies":[{"name":"wp","href":"https:\/\/api.w.org\/{rel}","templated":true}]}}