{"id":945,"date":"2020-01-13T11:17:52","date_gmt":"2020-01-13T11:17:52","guid":{"rendered":"https:\/\/demosites.io\/marketing-agency-gb\/?page_id=5"},"modified":"2025-02-03T01:26:02","modified_gmt":"2025-02-02T22:26:02","slug":"ana-sayfa","status":"publish","type":"page","link":"https:\/\/deltalazer.com\/","title":{"rendered":"Home"},"content":{"rendered":"\n<div class=\"wp-block-cover alignfull\" style=\"min-height:800px;aspect-ratio:unset;\"><span aria-hidden=\"true\" class=\"wp-block-cover__background has-background-dim-0 has-background-dim\"><\/span><img fetchpriority=\"high\" decoding=\"async\" width=\"1640\" height=\"922\" class=\"wp-block-cover__image-background wp-image-608\" alt=\"\" src=\"https:\/\/deltalazer.com\/wp-content\/uploads\/2024\/05\/neve-hero-2.png\" style=\"object-position:50% 72%\" data-object-fit=\"cover\" data-object-position=\"50% 72%\" srcset=\"https:\/\/deltalazer.com\/wp-content\/uploads\/2024\/05\/neve-hero-2.png 1640w, https:\/\/deltalazer.com\/wp-content\/uploads\/2024\/05\/neve-hero-2-300x169.png 300w\" sizes=\"(max-width: 1640px) 100vw, 1640px\" \/><div class=\"wp-block-cover__inner-container is-layout-flow wp-block-cover-is-layout-flow\">\n<div class=\"wp-block-columns are-vertically-aligned-center is-layout-flex wp-container-core-columns-is-layout-9d6595d7 wp-block-columns-is-layout-flex\">\n<div class=\"wp-block-column is-vertically-aligned-center is-layout-flow wp-block-column-is-layout-flow\" style=\"padding-right:var(--wp--preset--spacing--20);padding-left:var(--wp--preset--spacing--20);flex-basis:65%\">\n<div style=\"height:80px\" aria-hidden=\"true\" class=\"wp-block-spacer\"><\/div>\n\n\n\n<h1 class=\"wp-block-heading has-text-align-left has-nv-text-dark-bg-color has-text-color\">Delta Lazer teknoloji ve sanat\u0131n bulu\u015fmas\u0131<\/h1>\n\n\n\n<p class=\"has-text-align-left has-nv-text-dark-bg-color has-text-color\" style=\"font-size:19px\">Delta Lazer, yenilik\u00e7i lazer epilasyon cihazlar\u0131 ve y\u00fcksek teknoloji elektronik anakartlar\u0131yla ki\u015fisel bak\u0131m ve sa\u011fl\u0131k sekt\u00f6r\u00fcnde m\u00fckemmelli\u011fi sunarak, her cilt tipine uyum sa\u011fl\u0131yor.<\/p>\n\n\n\n<div class=\"wp-block-buttons is-horizontal is-content-justification-left is-layout-flex wp-container-core-buttons-is-layout-7e5fce0a wp-block-buttons-is-layout-flex\">\n<div class=\"wp-block-button is-style-primary\"><a class=\"wp-block-button__link has-text-color has-background has-link-color wp-element-button\" href=\"https:\/\/wa.me\/05515513729\" style=\"color:#0a2279;background-color:#ffffff\">Fiyat Al<\/a><\/div>\n\n\n\n<div class=\"wp-block-button is-style-secondary\"><a class=\"wp-block-button__link has-nv-text-dark-bg-color has-text-color has-link-color wp-element-button\" href=\"https:\/\/deltalazer.com\/?page_id=61\">\u00d6zellikleri \u0130ncele<\/a><\/div>\n<\/div>\n\n\n\n<div style=\"height:100px\" aria-hidden=\"true\" class=\"wp-block-spacer\"><\/div>\n<\/div>\n\n\n\n<div class=\"wp-block-column is-vertically-aligned-center is-layout-flow wp-block-column-is-layout-flow\">\n<figure class=\"wp-block-image size-full\"><img decoding=\"async\" width=\"1020\" height=\"1458\" src=\"https:\/\/deltalazer.com\/wp-content\/uploads\/2025\/01\/Delta-Diode-Lazer.png\" alt=\"\" class=\"wp-image-974\" srcset=\"https:\/\/deltalazer.com\/wp-content\/uploads\/2025\/01\/Delta-Diode-Lazer.png 1020w, https:\/\/deltalazer.com\/wp-content\/uploads\/2025\/01\/Delta-Diode-Lazer-210x300.png 210w, https:\/\/deltalazer.com\/wp-content\/uploads\/2025\/01\/Delta-Diode-Lazer-716x1024.png 716w, https:\/\/deltalazer.com\/wp-content\/uploads\/2025\/01\/Delta-Diode-Lazer-768x1098.png 768w, https:\/\/deltalazer.com\/wp-content\/uploads\/2025\/01\/Delta-Diode-Lazer-600x858.png 600w\" sizes=\"(max-width: 1020px) 100vw, 1020px\" \/><\/figure>\n<\/div>\n<\/div>\n<\/div><\/div>\n\n\n\n<div class=\"wp-block-group\" style=\"padding-top:var(--wp--preset--spacing--50);padding-bottom:var(--wp--preset--spacing--50)\"><div class=\"wp-block-group__inner-container is-layout-constrained wp-block-group-is-layout-constrained\">\n<div class=\"wp-block-columns is-layout-flex wp-container-core-columns-is-layout-9d6595d7 wp-block-columns-is-layout-flex\">\n<div class=\"wp-block-column neve-duotone is-layout-flow wp-block-column-is-layout-flow\" style=\"padding-right:var(--wp--preset--spacing--30);padding-left:var(--wp--preset--spacing--30)\"><div class=\"wp-block-image icon-style is-style-default wp-duotone-unset-1\">\n<figure class=\"aligncenter size-full has-custom-border\"><img decoding=\"async\" width=\"60\" height=\"60\" src=\"https:\/\/deltalazer.com\/wp-content\/uploads\/2024\/07\/neve-marketing-icon-8.1.png\" alt=\"\" class=\"wp-image-937\" style=\"border-radius:0px\" title=\"\"\/><\/figure><\/div>\n\n\n<div style=\"height:16px\" aria-hidden=\"true\" class=\"wp-block-spacer\"><\/div>\n\n\n\n<h3 class=\"wp-block-heading has-text-align-center has-neve-text-color-color has-text-color\">Faaliyetler<\/h3>\n\n\n\n<p class=\"has-text-align-center\">Y\u00fcksek teknolojik anakart, yaz\u0131l\u0131m ve cihaz imalat\u0131<\/p>\n<\/div>\n\n\n\n<div class=\"wp-block-column is-layout-flow wp-block-column-is-layout-flow\" style=\"padding-right:var(--wp--preset--spacing--30);padding-left:var(--wp--preset--spacing--30)\"><div class=\"wp-block-image icon-style is-style-default\">\n<figure class=\"aligncenter size-full has-custom-border\"><img loading=\"lazy\" decoding=\"async\" width=\"60\" height=\"60\" src=\"https:\/\/deltalazer.com\/wp-content\/uploads\/2024\/07\/neve-marketing-icon-4.1.png\" alt=\"\" class=\"wp-image-933\" style=\"border-radius:0px\" title=\"\"\/><\/figure><\/div>\n\n\n<div style=\"height:16px\" aria-hidden=\"true\" class=\"wp-block-spacer\"><\/div>\n\n\n\n<h3 class=\"wp-block-heading has-text-align-center has-neve-text-color-color has-text-color\">Sat\u0131\u015f Politikam\u0131z<\/h3>\n\n\n\n<p class=\"has-text-align-center\">T\u00fcm \u00fcr\u00fcnlerimiz sipari\u015f sonras\u0131 \u00fcretime al\u0131nmaktad\u0131r<\/p>\n<\/div>\n\n\n\n<div class=\"wp-block-column is-layout-flow wp-block-column-is-layout-flow\" style=\"padding-right:var(--wp--preset--spacing--30);padding-left:var(--wp--preset--spacing--30)\"><div class=\"wp-block-image icon-style is-style-default wp-duotone-unset-2\">\n<figure class=\"aligncenter size-full has-custom-border\"><img loading=\"lazy\" decoding=\"async\" width=\"60\" height=\"60\" src=\"https:\/\/deltalazer.com\/wp-content\/uploads\/2024\/07\/neve-marketing-icon-10.png\" alt=\"\" class=\"wp-image-936\" style=\"border-radius:0px\" title=\"\"\/><\/figure><\/div>\n\n\n<div style=\"height:16px\" aria-hidden=\"true\" class=\"wp-block-spacer\"><\/div>\n\n\n\n<h3 class=\"wp-block-heading has-text-align-center has-neve-text-color-color has-text-color\">Ekran Tasar\u0131m<\/h3>\n\n\n\n<p class=\"has-text-align-center\">Ekran g\u00f6rsel \u00e7al\u0131\u015fma s\u00fcrecimiz toplamda 10 i\u015f g\u00fcn\u00fcd\u00fcr<\/p>\n<\/div>\n\n\n\n<div class=\"wp-block-column is-layout-flow wp-block-column-is-layout-flow\" style=\"padding-right:var(--wp--preset--spacing--30);padding-left:var(--wp--preset--spacing--30)\"><div class=\"wp-block-image icon-style is-style-default wp-duotone-unset-3\">\n<figure class=\"aligncenter size-full has-custom-border\"><img loading=\"lazy\" decoding=\"async\" width=\"60\" height=\"60\" src=\"https:\/\/deltalazer.com\/wp-content\/uploads\/2024\/07\/neve-marketing-icon-9.png\" alt=\"\" class=\"wp-image-935\" style=\"border-radius:0px\" title=\"\"\/><\/figure><\/div>\n\n\n<div style=\"height:16px\" aria-hidden=\"true\" class=\"wp-block-spacer\"><\/div>\n\n\n\n<h3 class=\"wp-block-heading has-text-align-center has-neve-text-color-color has-text-color\">Portf\u00f6y<\/h3>\n\n\n\n<p class=\"has-text-align-center\">Aktif olarak yurt i\u00e7i ve yurt d\u0131\u015f\u0131 toplam <strong>47<\/strong> firma<\/p>\n<\/div>\n<\/div>\n<\/div><\/div>\n\n\n\n<div class=\"wp-block-cover alignfull has-neve-text-color-color has-text-color has-link-color wp-elements-bf1e12a6465886636ad5043585bac517\" style=\"padding-top:var(--wp--preset--spacing--80);padding-bottom:var(--wp--preset--spacing--80);min-height:600px;aspect-ratio:unset;\"><span aria-hidden=\"true\" class=\"wp-block-cover__background has-nv-light-bg-background-color has-background-dim-80 has-background-dim\"><\/span><div class=\"wp-block-cover__inner-container is-layout-flow wp-block-cover-is-layout-flow\">\n<div class=\"wp-block-group\"><div class=\"wp-block-group__inner-container is-layout-flow wp-block-group-is-layout-flow\">\n<div style=\"height:80px\" aria-hidden=\"true\" class=\"wp-block-spacer\"><\/div>\n\n\n\n<div class=\"wp-block-columns is-layout-flex wp-container-core-columns-is-layout-9d6595d7 wp-block-columns-is-layout-flex\">\n<div class=\"wp-block-column is-layout-flow wp-block-column-is-layout-flow\" style=\"padding-right:0;padding-left:0;flex-basis:20%\">\n<div class=\"wp-block-group is-vertical is-content-justification-center is-layout-flex wp-container-core-group-is-layout-4b2eccd6 wp-block-group-is-layout-flex\"><\/div>\n<\/div>\n\n\n\n<div class=\"wp-block-column is-layout-flow wp-block-column-is-layout-flow\" style=\"flex-basis:60%\">\n<div class=\"wp-block-group is-vertical is-content-justification-center is-layout-flex wp-container-core-group-is-layout-4b2eccd6 wp-block-group-is-layout-flex\">\n<h2 class=\"wp-block-heading has-text-align-center has-neve-text-color-color has-text-color has-link-color wp-elements-6250bd301320529b56f8ad613b296583\">\u00c7ok Yak\u0131nda Sizlerle<\/h2>\n\n\n\n<p class=\"has-text-align-center has-neve-text-color-color has-text-color has-link-color wp-elements-13b8c87151837f5d2bf64d642ba58369\">Yeni Ar-Ge \u00e7al\u0131\u015fmalar\u0131m\u0131z \u00e7ok yak\u0131n bir zamanda ilk meyvelerini verecek. Bu \u00e7al\u0131\u015fmalardan ba\u015fl\u0131ca &#8220;IPL Power&#8221; ve &#8220;D\u00f6vme Silme Ekran ve Kontrol Kart\u0131&#8221; \u00e7ok yak\u0131nda sat\u0131\u015flarda olacak.<\/p>\n\n\n\n<div style=\"height:0px\" aria-hidden=\"true\" class=\"wp-block-spacer wp-container-content-541a6b20\"><\/div>\n<\/div>\n<\/div>\n\n\n\n<div class=\"wp-block-column is-layout-flow wp-block-column-is-layout-flow\" style=\"flex-basis:20%\">\n<div class=\"wp-block-group is-vertical is-content-justification-center is-layout-flex wp-container-core-group-is-layout-4b2eccd6 wp-block-group-is-layout-flex\"><\/div>\n<\/div>\n<\/div>\n\n\n\n<div class=\"wp-block-columns are-vertically-aligned-center is-layout-flex wp-container-core-columns-is-layout-9d6595d7 wp-block-columns-is-layout-flex\">\n<div class=\"wp-block-column is-vertically-aligned-center is-layout-flow wp-block-column-is-layout-flow\" style=\"padding-right:var(--wp--preset--spacing--30);padding-left:var(--wp--preset--spacing--30);flex-basis:50%\">\n<figure class=\"wp-block-image size-full has-custom-border\"><img loading=\"lazy\" decoding=\"async\" width=\"600\" height=\"600\" src=\"https:\/\/deltalazer.com\/wp-content\/uploads\/2025\/01\/IPL-Power-Ar-Ge.png\" alt=\"\" class=\"wp-image-996\" style=\"border-radius:16px\" srcset=\"https:\/\/deltalazer.com\/wp-content\/uploads\/2025\/01\/IPL-Power-Ar-Ge.png 600w, https:\/\/deltalazer.com\/wp-content\/uploads\/2025\/01\/IPL-Power-Ar-Ge-300x300.png 300w, https:\/\/deltalazer.com\/wp-content\/uploads\/2025\/01\/IPL-Power-Ar-Ge-150x150.png 150w, https:\/\/deltalazer.com\/wp-content\/uploads\/2025\/01\/IPL-Power-Ar-Ge-100x100.png 100w\" sizes=\"(max-width: 600px) 100vw, 600px\" \/><\/figure>\n\n\n\n<div style=\"height:24px\" aria-hidden=\"true\" class=\"wp-block-spacer\"><\/div>\n\n\n\n<h3 class=\"wp-block-heading has-text-align-left has-neve-text-color-color has-text-color\">IPL Power <\/h3>\n\n\n\n<p>Bildi\u011finiz \u00fczere IPL Powerlar yurt d\u0131\u015f\u0131ndan temin edilen \u00fcr\u00fcnlerdir ve bu \u00fcr\u00fcnlerin tamam\u0131 7mm lik xenon lambalara uyumludur, 9mm lik lambalarla kullan\u0131m\u0131 ciddi problemlere sebep olmakta bu sebepten 9mm lik lambalara uyumlu bir IPL Power gel\u015ftirme s\u00fcrecimiz ba\u015flam\u0131\u015ft\u0131r.<\/p>\n\n\n\n<div class=\"wp-block-buttons is-layout-flex wp-block-buttons-is-layout-flex\">\n<div class=\"wp-block-button is-style-primary\"><a class=\"wp-block-button__link wp-element-button\" href=\"https:\/\/wa.me\/05515513729\">\u00d6n Sipari\u015f Ver<\/a><\/div>\n<\/div>\n<\/div>\n\n\n\n<div class=\"wp-block-column is-vertically-aligned-center is-layout-flow wp-block-column-is-layout-flow\" style=\"padding-right:var(--wp--preset--spacing--30);padding-left:var(--wp--preset--spacing--30);flex-basis:50%\">\n<figure class=\"wp-block-image size-full has-custom-border\"><img loading=\"lazy\" decoding=\"async\" width=\"600\" height=\"600\" src=\"https:\/\/deltalazer.com\/wp-content\/uploads\/2025\/01\/Dovme-Silme-Ar-Ge.png\" alt=\"\" class=\"wp-image-998\" style=\"border-radius:16px\" srcset=\"https:\/\/deltalazer.com\/wp-content\/uploads\/2025\/01\/Dovme-Silme-Ar-Ge.png 600w, https:\/\/deltalazer.com\/wp-content\/uploads\/2025\/01\/Dovme-Silme-Ar-Ge-300x300.png 300w, https:\/\/deltalazer.com\/wp-content\/uploads\/2025\/01\/Dovme-Silme-Ar-Ge-150x150.png 150w, https:\/\/deltalazer.com\/wp-content\/uploads\/2025\/01\/Dovme-Silme-Ar-Ge-100x100.png 100w\" sizes=\"(max-width: 600px) 100vw, 600px\" \/><\/figure>\n\n\n\n<div style=\"height:24px\" aria-hidden=\"true\" class=\"wp-block-spacer\"><\/div>\n\n\n\n<h3 class=\"wp-block-heading has-text-align-left has-neve-text-color-color has-text-color\">D\u00f6vme Silme Seti<\/h3>\n\n\n\n<p>D\u00f6vme silme setlerinde bilindi\u011fi \u00fczere yerli \u00fcretim \u00fcr\u00fcnlere ula\u015fmak neredeyse imkans\u0131z halde ve \u00e7\u0131kan problemlerle ba\u015f etmek olduk\u00e7a zorlay\u0131c\u0131 olabiliyor bu sebepleri ortadan kald\u0131rmak ad\u0131na yak\u0131nda yerli setlerimiz sat\u0131\u015fta olacakt\u0131r. Setler iste\u011fe \u00f6zel \u00fcretilecektir.<\/p>\n\n\n\n<div class=\"wp-block-buttons is-layout-flex wp-block-buttons-is-layout-flex\">\n<div class=\"wp-block-button is-style-primary\"><a class=\"wp-block-button__link wp-element-button\" href=\"https:\/\/wa.me\/05515513729\">\u00d6n Sipari\u015f Ver<\/a><\/div>\n<\/div>\n<\/div>\n<\/div>\n<\/div><\/div>\n<\/div><\/div>\n\n\n\n<div class=\"wp-block-cover alignfull has-nv-text-dark-bg-color has-text-color has-link-color wp-elements-1c6583f42ef5d512684e0d2ef86df905\" style=\"padding-top:var(--wp--preset--spacing--80);padding-bottom:var(--wp--preset--spacing--80);min-height:420px;aspect-ratio:unset;\"><span aria-hidden=\"true\" class=\"wp-block-cover__background has-nv-dark-bg-background-color has-background-dim-100 has-background-dim\"><\/span><div class=\"wp-block-cover__inner-container is-layout-flow wp-block-cover-is-layout-flow\">\n<div class=\"wp-block-columns is-layout-flex wp-container-core-columns-is-layout-9d6595d7 wp-block-columns-is-layout-flex\">\n<div class=\"wp-block-column ticss-f6fc7494 is-layout-flow wp-block-column-is-layout-flow\"><div class=\"wp-block-image is-style-rounded\">\n<figure class=\"aligncenter size-full is-resized\"><img loading=\"lazy\" decoding=\"async\" width=\"108\" height=\"108\" src=\"https:\/\/deltalazer.com\/wp-content\/uploads\/2025\/02\/Ege.jpg\" alt=\"\" class=\"wp-image-1186\" style=\"width:80px;height:80px\" srcset=\"https:\/\/deltalazer.com\/wp-content\/uploads\/2025\/02\/Ege.jpg 108w, https:\/\/deltalazer.com\/wp-content\/uploads\/2025\/02\/Ege-100x100.jpg 100w\" sizes=\"(max-width: 108px) 100vw, 108px\" \/><\/figure><\/div>\n\n\n<div style=\"height:24px\" aria-hidden=\"true\" class=\"wp-block-spacer\"><\/div>\n\n\n\n<p class=\"has-text-align-center has-nv-text-dark-bg-color has-text-color\">\u201cG\u00fczellikte Yeni Bir I\u015f\u0131k, G\u00fcvende Yeni Bir Standart.\u201d<\/p>\n\n\n\n<p class=\"has-text-align-center has-nv-text-dark-bg-color has-text-color has-small-font-size\" style=\"text-transform:uppercase\"><strong>Ege Da\u011fl\u0131o\u011flu<\/strong><\/p>\n<\/div>\n<\/div>\n\n\n\n<div style=\"height:0px\" aria-hidden=\"true\" class=\"wp-block-spacer\"><\/div>\n<\/div><\/div>\n\n\n\n<div class=\"wp-block-cover alignfull\" style=\"padding-top:var(--wp--preset--spacing--80);padding-bottom:var(--wp--preset--spacing--80);min-height:600px;aspect-ratio:unset;\"><span aria-hidden=\"true\" class=\"wp-block-cover__background has-nv-site-bg-background-color has-background-dim-100 has-background-dim\"><\/span><div class=\"wp-block-cover__inner-container is-layout-flow wp-block-cover-is-layout-flow\">\n<div class=\"wp-block-group\"><div class=\"wp-block-group__inner-container is-layout-flow wp-block-group-is-layout-flow\">\n<div class=\"wp-block-columns are-vertically-aligned-center is-layout-flex wp-container-core-columns-is-layout-9d6595d7 wp-block-columns-is-layout-flex\">\n<div class=\"wp-block-column is-vertically-aligned-center is-layout-flow wp-block-column-is-layout-flow\" style=\"padding-right:var(--wp--preset--spacing--30);padding-left:var(--wp--preset--spacing--30);flex-basis:50%\">\n<figure class=\"wp-block-image size-full has-custom-border is-style-default\"><img loading=\"lazy\" decoding=\"async\" width=\"600\" height=\"600\" src=\"https:\/\/deltalazer.com\/wp-content\/uploads\/2025\/01\/Delta-Diode-Lazer-Tanitim.png\" alt=\"\" class=\"wp-image-1005\" style=\"border-radius:16px\" srcset=\"https:\/\/deltalazer.com\/wp-content\/uploads\/2025\/01\/Delta-Diode-Lazer-Tanitim.png 600w, https:\/\/deltalazer.com\/wp-content\/uploads\/2025\/01\/Delta-Diode-Lazer-Tanitim-300x300.png 300w, https:\/\/deltalazer.com\/wp-content\/uploads\/2025\/01\/Delta-Diode-Lazer-Tanitim-150x150.png 150w, https:\/\/deltalazer.com\/wp-content\/uploads\/2025\/01\/Delta-Diode-Lazer-Tanitim-100x100.png 100w\" sizes=\"(max-width: 600px) 100vw, 600px\" \/><\/figure>\n<\/div>\n\n\n\n<div class=\"wp-block-column is-vertically-aligned-center is-layout-flow wp-block-column-is-layout-flow\" style=\"padding-right:var(--wp--preset--spacing--30);padding-left:var(--wp--preset--spacing--30);flex-basis:50%\">\n<div style=\"height:20px\" aria-hidden=\"true\" class=\"wp-block-spacer\"><\/div>\n\n\n\n<h2 class=\"wp-block-heading has-text-align-left has-neve-text-color-color has-text-color\">Delta Diode Lazer<\/h2>\n\n\n\n<p class=\"has-text-align-left has-neve-text-color-color has-text-color\" style=\"font-size:17px\">Delta Diode Lazer sistemi di\u011fer cihazlardan farkl\u0131 olarak saniyede 10 at\u0131\u015f h\u0131z\u0131n\u0131 kesintisiz bir bi\u00e7imde size sunar. Her at\u0131\u015fta ayn\u0131 enerji de\u011ferini reg\u00fcle ederek kusursuz ve etkili bir epilasyon hizmeti vermenizi sa\u011flaman\u0131n yan\u0131 s\u0131ra 755+808+1064nm 3 dalga boyundaki ba\u015fl\u0131\u011f\u0131 yard\u0131m\u0131yla en ince t\u00fcylerde dahi etkilidir ve kal\u0131c\u0131 bir epilasyon sa\u011flar.<\/p>\n\n\n\n<div class=\"wp-block-buttons has-custom-font-size has-small-font-size is-content-justification-left is-layout-flex wp-container-core-buttons-is-layout-fdcfc74e wp-block-buttons-is-layout-flex\">\n<div class=\"wp-block-button has-custom-font-size is-style-default\" style=\"font-size:16px\"><a class=\"wp-block-button__link has-nv-text-dark-bg-color has-neve-link-color-background-color has-text-color has-background has-link-color wp-element-button\" href=\"https:\/\/wa.me\/05515513729\">Fiyat Al<\/a><\/div>\n<\/div>\n<\/div>\n<\/div>\n\n\n\n<div class=\"wp-block-columns are-vertically-aligned-center is-layout-flex wp-container-core-columns-is-layout-9d6595d7 wp-block-columns-is-layout-flex\">\n<div class=\"wp-block-column is-vertically-aligned-center is-layout-flow wp-block-column-is-layout-flow\" style=\"padding-right:var(--wp--preset--spacing--30);padding-left:var(--wp--preset--spacing--30);flex-basis:50%\">\n<div style=\"height:20px\" aria-hidden=\"true\" class=\"wp-block-spacer\"><\/div>\n\n\n\n<h2 class=\"wp-block-heading has-text-align-left has-neve-text-color-color has-text-color\">Delta Shape<\/h2>\n\n\n\n<p class=\"has-text-align-left has-neve-text-color-color has-text-color\" style=\"font-size:17px\">Delta Shape B\u00f6lgesel \u0130ncelme Cihaz\u0131 tamamen kendi Ar-Ge faaliyetlerimiz sonucu geli\u015ftirdi\u011fimiz ve sat\u0131\u015fa sundu\u011fumuz bir \u00fcr\u00fcnd\u00fcr. \u00dcr\u00fcn standart b\u00f6lgesel incelme cihazlar\u0131 gibi ge\u00e7ici 1-2 cm lik bir incelme sa\u011flamaz. Sistem 30 dk l\u0131k bir i\u015flem ard\u0131ndan 5-25cm olduk\u00e7a etkili bir incelme sonucu sa\u011flar. Sistem t\u00fcm v\u00fccut b\u00f6lgelerine g\u00fcvenle uygulanabilir. Her saniyede 1.700.000 kez ses dalgas\u0131 olu\u015fturarak ya\u011f h\u00fccrelerini h\u0131zl\u0131 bir bi\u00e7imde par\u00e7alar ve ya\u011flar\u0131n do\u011fal yollarla at\u0131lmas\u0131n\u0131 sa\u011flar.<\/p>\n\n\n\n<div class=\"wp-block-buttons has-custom-font-size has-small-font-size is-content-justification-left is-layout-flex wp-container-core-buttons-is-layout-fdcfc74e wp-block-buttons-is-layout-flex\">\n<div class=\"wp-block-button has-custom-font-size is-style-default\" style=\"font-size:16px\"><a class=\"wp-block-button__link has-nv-text-dark-bg-color has-neve-link-color-background-color has-text-color has-background has-link-color wp-element-button\" href=\"https:\/\/wa.me\/05515513729\">Fiyat Al<\/a><\/div>\n<\/div>\n<\/div>\n\n\n\n<div class=\"wp-block-column is-vertically-aligned-center is-layout-flow wp-block-column-is-layout-flow\" style=\"padding-right:var(--wp--preset--spacing--30);padding-left:var(--wp--preset--spacing--30);flex-basis:50%\">\n<figure class=\"wp-block-image size-full has-custom-border is-style-default\"><img loading=\"lazy\" decoding=\"async\" width=\"600\" height=\"600\" src=\"https:\/\/deltalazer.com\/wp-content\/uploads\/2025\/01\/Delta-Shape-Tanitim.png\" alt=\"\" class=\"wp-image-1006\" style=\"border-radius:16px\" srcset=\"https:\/\/deltalazer.com\/wp-content\/uploads\/2025\/01\/Delta-Shape-Tanitim.png 600w, https:\/\/deltalazer.com\/wp-content\/uploads\/2025\/01\/Delta-Shape-Tanitim-300x300.png 300w, https:\/\/deltalazer.com\/wp-content\/uploads\/2025\/01\/Delta-Shape-Tanitim-150x150.png 150w, https:\/\/deltalazer.com\/wp-content\/uploads\/2025\/01\/Delta-Shape-Tanitim-100x100.png 100w\" sizes=\"(max-width: 600px) 100vw, 600px\" \/><\/figure>\n<\/div>\n<\/div>\n<\/div><\/div>\n<\/div><\/div>\n\n\n\n<div class=\"wp-block-cover alignfull\" style=\"padding-top:var(--wp--preset--spacing--80);padding-bottom:var(--wp--preset--spacing--80);min-height:300px;aspect-ratio:unset;\"><span aria-hidden=\"true\" class=\"wp-block-cover__background has-neve-link-color-background-color has-background-dim-100 has-background-dim\"><\/span><div class=\"wp-block-cover__inner-container is-layout-flow wp-block-cover-is-layout-flow\">\n<div class=\"wp-block-columns is-layout-flex wp-container-core-columns-is-layout-9d6595d7 wp-block-columns-is-layout-flex\">\n<div class=\"wp-block-column is-layout-flow wp-block-column-is-layout-flow\" style=\"flex-basis:20%\"><\/div>\n\n\n\n<div class=\"wp-block-column is-layout-flow wp-block-column-is-layout-flow\" style=\"flex-basis:60%\">\n<div class=\"wp-block-group\"><div class=\"wp-block-group__inner-container is-layout-constrained wp-block-group-is-layout-constrained\">\n<h2 class=\"wp-block-heading has-text-align-center has-nv-text-dark-bg-color has-text-color\">\u0130htiyac\u0131n\u0131z Olan Cihaz\u0131 Sizin \u0130\u00e7in \u00dcretelim<\/h2>\n\n\n\n<p class=\"has-text-align-center has-nv-text-dark-bg-color has-text-color has-link-color wp-elements-4e58ff470e579557b11679ddb9cc9001\">\u0130htiya\u00e7 duydu\u011funuz cihaz\u0131 sizler i\u00e7in \u00fcretebiliriz, bunun i\u00e7in tek yapman\u0131z gereken \u015fey b\u00fct\u00e7enizi ve ihtiya\u00e7 duydu\u011funuz \u00fcr\u00fcn\u00fcn \u00f6zelliklerini bizimle payla\u015fman\u0131z yeterli olacakt\u0131r. \u00d6zel \u00fcretim s\u00fcrecinin me\u015fakkatli ve uzun bir s\u00fcre\u00e7 oldu\u011funu sizlere hat\u0131rlatmak isterim.<\/p>\n\n\n\n<div class=\"wp-block-buttons is-horizontal is-content-justification-center is-layout-flex wp-container-core-buttons-is-layout-499968f5 wp-block-buttons-is-layout-flex\">\n<div class=\"wp-block-button is-style-primary\"><a class=\"wp-block-button__link has-neve-link-color-color has-text-color has-background has-link-color wp-element-button\" href=\"https:\/\/wa.me\/05515513729\" style=\"background-color:#ffffff\">Hemen Ba\u015fla<\/a><\/div>\n<\/div>\n<\/div><\/div>\n<\/div>\n\n\n\n<div class=\"wp-block-column is-layout-flow wp-block-column-is-layout-flow\" style=\"flex-basis:20%\"><\/div>\n<\/div>\n<\/div><\/div>\n","protected":false},"excerpt":{"rendered":"<p>Faaliyetler Y\u00fcksek teknolojik anakart, yaz\u0131l\u0131m ve cihaz imalat\u0131 Sat\u0131\u015f Politikam\u0131z T\u00fcm \u00fcr\u00fcnlerimiz sipari\u015f sonras\u0131 \u00fcretime al\u0131nmaktad\u0131r Ekran Tasar\u0131m Ekran g\u00f6rsel \u00e7al\u0131\u015fma s\u00fcrecimiz toplamda 10 i\u015f g\u00fcn\u00fcd\u00fcr Portf\u00f6y Aktif olarak yurt i\u00e7i ve yurt d\u0131\u015f\u0131 toplam 47 firma<\/p>\n","protected":false},"author":1,"featured_media":0,"parent":0,"menu_order":0,"comment_status":"closed","ping_status":"closed","template":"","meta":{"om_disable_all_campaigns":false,"_monsterinsights_skip_tracking":false,"_monsterinsights_sitenote_active":false,"_monsterinsights_sitenote_note":"","_monsterinsights_sitenote_category":0,"neve_meta_sidebar":"default","neve_meta_container":"default","neve_meta_enable_content_width":"on","neve_meta_content_width":100,"neve_meta_title_alignment":"","neve_meta_author_avatar":"","neve_post_elements_order":"","neve_meta_disable_header":"","neve_meta_disable_footer":"","neve_meta_disable_title":"on","_themeisle_gutenberg_block_has_review":false,"footnotes":""},"class_list":["post-945","page","type-page","status-publish","hentry"],"aioseo_notices":[],"_links":{"self":[{"href":"https:\/\/deltalazer.com\/index.php?rest_route=\/wp\/v2\/pages\/945","targetHints":{"allow":["GET"]}}],"collection":[{"href":"https:\/\/deltalazer.com\/index.php?rest_route=\/wp\/v2\/pages"}],"about":[{"href":"https:\/\/deltalazer.com\/index.php?rest_route=\/wp\/v2\/types\/page"}],"author":[{"embeddable":true,"href":"https:\/\/deltalazer.com\/index.php?rest_route=\/wp\/v2\/users\/1"}],"replies":[{"embeddable":true,"href":"https:\/\/deltalazer.com\/index.php?rest_route=%2Fwp%2Fv2%2Fcomments&post=945"}],"version-history":[{"count":22,"href":"https:\/\/deltalazer.com\/index.php?rest_route=\/wp\/v2\/pages\/945\/revisions"}],"predecessor-version":[{"id":1194,"href":"https:\/\/deltalazer.com\/index.php?rest_route=\/wp\/v2\/pages\/945\/revisions\/1194"}],"wp:attachment":[{"href":"https:\/\/deltalazer.com\/index.php?rest_route=%2Fwp%2Fv2%2Fmedia&parent=945"}],"curies":[{"name":"wp","href":"https:\/\/api.w.org\/{rel}","templated":true}]}}