{"id":69,"date":"2020-01-27T08:05:29","date_gmt":"2020-01-27T08:05:29","guid":{"rendered":"https:\/\/demosites.io\/marketing-agency-gb\/?page_id=69"},"modified":"2025-02-02T19:14:38","modified_gmt":"2025-02-02T16:14:38","slug":"bcd31-portfolio","status":"publish","type":"page","link":"https:\/\/deltalazer.com\/?page_id=69","title":{"rendered":"Elektronik \u00dcr\u00fcnler"},"content":{"rendered":"\n<h2 class=\"wp-block-heading has-text-align-center\">Ana \u00dcr\u00fcnler<\/h2>\n\n\n<div class=\"wp-block-image\">\n<figure class=\"aligncenter size-large\"><img fetchpriority=\"high\" decoding=\"async\" width=\"1024\" height=\"341\" src=\"https:\/\/deltalazer.com\/wp-content\/uploads\/2025\/02\/ELEKTRONIK-KARTLAR-1-6-1024x341.png\" alt=\"\" class=\"wp-image-1104\" srcset=\"https:\/\/deltalazer.com\/wp-content\/uploads\/2025\/02\/ELEKTRONIK-KARTLAR-1-6-1024x341.png 1024w, https:\/\/deltalazer.com\/wp-content\/uploads\/2025\/02\/ELEKTRONIK-KARTLAR-1-6-300x100.png 300w, https:\/\/deltalazer.com\/wp-content\/uploads\/2025\/02\/ELEKTRONIK-KARTLAR-1-6-768x256.png 768w, https:\/\/deltalazer.com\/wp-content\/uploads\/2025\/02\/ELEKTRONIK-KARTLAR-1-6-1536x512.png 1536w, https:\/\/deltalazer.com\/wp-content\/uploads\/2025\/02\/ELEKTRONIK-KARTLAR-1-6-600x200.png 600w, https:\/\/deltalazer.com\/wp-content\/uploads\/2025\/02\/ELEKTRONIK-KARTLAR-1-6.png 1800w\" sizes=\"(max-width: 1024px) 100vw, 1024px\" \/><\/figure><\/div>\n\n\n<h2 class=\"wp-block-heading has-text-align-center\">Yurt D\u0131\u015f\u0131 Setler<\/h2>\n\n\n<div class=\"wp-block-image\">\n<figure class=\"aligncenter size-large\"><img decoding=\"async\" width=\"1024\" height=\"341\" src=\"https:\/\/deltalazer.com\/wp-content\/uploads\/2025\/02\/ELEKTRONIK-KARTLAR-2-4-1024x341.png\" alt=\"\" class=\"wp-image-1105\" srcset=\"https:\/\/deltalazer.com\/wp-content\/uploads\/2025\/02\/ELEKTRONIK-KARTLAR-2-4-1024x341.png 1024w, https:\/\/deltalazer.com\/wp-content\/uploads\/2025\/02\/ELEKTRONIK-KARTLAR-2-4-300x100.png 300w, https:\/\/deltalazer.com\/wp-content\/uploads\/2025\/02\/ELEKTRONIK-KARTLAR-2-4-768x256.png 768w, https:\/\/deltalazer.com\/wp-content\/uploads\/2025\/02\/ELEKTRONIK-KARTLAR-2-4-1536x512.png 1536w, https:\/\/deltalazer.com\/wp-content\/uploads\/2025\/02\/ELEKTRONIK-KARTLAR-2-4-600x200.png 600w, https:\/\/deltalazer.com\/wp-content\/uploads\/2025\/02\/ELEKTRONIK-KARTLAR-2-4.png 1800w\" sizes=\"(max-width: 1024px) 100vw, 1024px\" \/><\/figure><\/div>\n\n\n<h2 class=\"wp-block-heading has-text-align-center\">\u00d6zel \u00dcretim \u00dcr\u00fcnler<\/h2>\n\n\n<div class=\"wp-block-image\">\n<figure class=\"aligncenter size-large\"><img decoding=\"async\" width=\"1024\" height=\"341\" src=\"https:\/\/deltalazer.com\/wp-content\/uploads\/2025\/02\/ELEKTRONIK-KARTLAR-3-4-1024x341.png\" alt=\"\" class=\"wp-image-1106\" srcset=\"https:\/\/deltalazer.com\/wp-content\/uploads\/2025\/02\/ELEKTRONIK-KARTLAR-3-4-1024x341.png 1024w, https:\/\/deltalazer.com\/wp-content\/uploads\/2025\/02\/ELEKTRONIK-KARTLAR-3-4-300x100.png 300w, https:\/\/deltalazer.com\/wp-content\/uploads\/2025\/02\/ELEKTRONIK-KARTLAR-3-4-768x256.png 768w, https:\/\/deltalazer.com\/wp-content\/uploads\/2025\/02\/ELEKTRONIK-KARTLAR-3-4-1536x512.png 1536w, https:\/\/deltalazer.com\/wp-content\/uploads\/2025\/02\/ELEKTRONIK-KARTLAR-3-4-600x200.png 600w, https:\/\/deltalazer.com\/wp-content\/uploads\/2025\/02\/ELEKTRONIK-KARTLAR-3-4.png 1800w\" sizes=\"(max-width: 1024px) 100vw, 1024px\" \/><\/figure><\/div>\n\n\n<div class=\"wp-block-cover alignfull has-neve-text-color-color has-text-color has-link-color wp-elements-59792f29889078110fe9cfda7523165b\" style=\"padding-top:var(--wp--preset--spacing--80);padding-bottom:var(--wp--preset--spacing--80);min-height:600px;aspect-ratio:unset;\"><span aria-hidden=\"true\" class=\"wp-block-cover__background has-nv-site-bg-background-color has-background-dim-100 has-background-dim\"><\/span><div class=\"wp-block-cover__inner-container is-layout-flow wp-block-cover-is-layout-flow\">\n<h2 class=\"wp-block-heading has-text-align-center\">Teknik Servis ve Teknik Destek<\/h2>\n\n\n\n<div style=\"height:56px\" aria-hidden=\"true\" class=\"wp-block-spacer\"><\/div>\n\n\n\n<div class=\"wp-block-group\"><div class=\"wp-block-group__inner-container is-layout-flow wp-block-group-is-layout-flow\">\n<div class=\"wp-block-columns are-vertically-aligned-center is-layout-flex wp-container-core-columns-is-layout-9d6595d7 wp-block-columns-is-layout-flex\">\n<div class=\"wp-block-column is-vertically-aligned-center is-layout-flow wp-block-column-is-layout-flow\" style=\"padding-right:var(--wp--preset--spacing--30);padding-left:var(--wp--preset--spacing--30);flex-basis:50%\">\n<figure class=\"wp-block-image size-full has-custom-border\"><img loading=\"lazy\" decoding=\"async\" width=\"600\" height=\"600\" src=\"https:\/\/deltalazer.com\/wp-content\/uploads\/2025\/02\/5.png\" alt=\"\" class=\"wp-image-1112\" style=\"border-radius:24px\" srcset=\"https:\/\/deltalazer.com\/wp-content\/uploads\/2025\/02\/5.png 600w, https:\/\/deltalazer.com\/wp-content\/uploads\/2025\/02\/5-300x300.png 300w, https:\/\/deltalazer.com\/wp-content\/uploads\/2025\/02\/5-150x150.png 150w, https:\/\/deltalazer.com\/wp-content\/uploads\/2025\/02\/5-100x100.png 100w\" sizes=\"(max-width: 600px) 100vw, 600px\" \/><\/figure>\n\n\n\n<div style=\"height:24px\" aria-hidden=\"true\" class=\"wp-block-spacer\"><\/div>\n\n\n\n<h3 class=\"wp-block-heading has-text-align-left\">Elektronik \u00dcr\u00fcnlerde Teknik Servis<\/h3>\n\n\n\n<p class=\"has-text-align-left\">Elektronik \u00fcr\u00fcnlerimiz minimum teknik servis gerektirecek \u015fekilde tasarlanm\u0131\u015ft\u0131r ve olduk\u00e7a uzun \u00f6m\u00fcrl\u00fcd\u00fcr. T\u00fcm sistemlerimiz test edilip onayland\u0131ktan sonra g\u00f6nderilmektedir. Sistemin kurulumu ard\u0131ndan olu\u015fan problemlerle alakal\u0131 firmam\u0131z mesul de\u011fildir. E\u011fer \u00fcr\u00fcnde hatal\u0131 bir kurulum veya olas\u0131 di\u011fer problemlerle kar\u015f\u0131la\u015f\u0131lmas\u0131 halinde garanti kapsam\u0131nda bir onar\u0131m, de\u011fi\u015fim veya yeni \u00fcr\u00fcn g\u00f6nderimi s\u00f6z konusu de\u011fildir. Malesef ters gerilime veya di\u011fer olumsuz ko\u015fullara uzun s\u00fcre maruz kalan elektronik \u00fcr\u00fcnlerde komple de\u011fi\u015fim \u015fart hale gelmektedir.<\/p>\n\n\n\n<div class=\"wp-block-buttons has-custom-font-size has-small-font-size is-content-justification-left is-layout-flex wp-container-core-buttons-is-layout-fdcfc74e wp-block-buttons-is-layout-flex\">\n<div class=\"wp-block-button has-custom-font-size is-style-default\" style=\"font-size:16px\"><a class=\"wp-block-button__link has-nv-text-dark-bg-color has-neve-link-color-background-color has-text-color has-background has-link-color wp-element-button\" href=\"https:\/\/wa.me\/05515513729\">Profesyonel \u00dccretli Destek \u0130\u00e7in T\u0131klay\u0131n<\/a><\/div>\n<\/div>\n<\/div>\n\n\n\n<div class=\"wp-block-column is-vertically-aligned-center is-layout-flow wp-block-column-is-layout-flow\" style=\"padding-right:var(--wp--preset--spacing--30);padding-left:var(--wp--preset--spacing--30);flex-basis:50%\">\n<figure class=\"wp-block-image size-full has-custom-border\"><img loading=\"lazy\" decoding=\"async\" width=\"600\" height=\"600\" src=\"https:\/\/deltalazer.com\/wp-content\/uploads\/2025\/02\/6.png\" alt=\"\" class=\"wp-image-1113\" style=\"border-radius:24px\" srcset=\"https:\/\/deltalazer.com\/wp-content\/uploads\/2025\/02\/6.png 600w, https:\/\/deltalazer.com\/wp-content\/uploads\/2025\/02\/6-300x300.png 300w, https:\/\/deltalazer.com\/wp-content\/uploads\/2025\/02\/6-150x150.png 150w, https:\/\/deltalazer.com\/wp-content\/uploads\/2025\/02\/6-100x100.png 100w\" sizes=\"(max-width: 600px) 100vw, 600px\" \/><\/figure>\n\n\n\n<div style=\"height:24px\" aria-hidden=\"true\" class=\"wp-block-spacer\"><\/div>\n\n\n\n<h3 class=\"wp-block-heading has-text-align-left\">Elektronik \u00dcr\u00fcnlerde Teknik Destek<\/h3>\n\n\n\n<p class=\"has-text-align-left\">\u00dcr\u00fcnlerimizin nas\u0131l kurulaca\u011f\u0131, ba\u011flant\u0131 \u015femalar\u0131, teknik \u00e7izim dosyalar\u0131 ilgili \u00fcr\u00fcnlerin web sitemiz i\u00e7erisindeki sayfalar\u0131nda mevcuttur. Bu sebeplerden \u00f6t\u00fcr\u00fc online teknik destek verme durumumuz yoktur. L\u00fctfen ba\u011flant\u0131 ve di\u011fer gereksinimleri ba\u015far\u0131 ile tamamlamak i\u00e7in profesyonel teknik bir ekiple \u00e7al\u0131\u015f\u0131n\u0131z. Firmam\u0131z ba\u015flang\u0131\u00e7 d\u00f6nemlerinde teknik destek, g\u00f6r\u00fcnt\u00fcl\u00fc online g\u00f6r\u00fc\u015fme gibi hizmetleri \u00fccretsiz bir \u015fekilde vermi\u015ftir, ancak suistimal edilmesi sebebiyle art\u0131k \u00f6yle bir hizmetimiz bulunmamaktad\u0131r. Anlay\u0131\u015f\u0131n\u0131z i\u00e7in te\u015fekk\u00fcrler.<\/p>\n\n\n\n<div class=\"wp-block-buttons has-custom-font-size has-small-font-size is-content-justification-left is-layout-flex wp-container-core-buttons-is-layout-fdcfc74e wp-block-buttons-is-layout-flex\">\n<div class=\"wp-block-button has-custom-font-size is-style-default\" style=\"font-size:16px\"><a class=\"wp-block-button__link has-nv-text-dark-bg-color has-neve-link-color-background-color has-text-color has-background has-link-color wp-element-button\" href=\"https:\/\/wa.me\/05515513729\">Profesyonel \u00dccretli Destek \u0130\u00e7in T\u0131klay\u0131n<\/a><\/div>\n<\/div>\n<\/div>\n<\/div>\n<\/div><\/div>\n<\/div><\/div>\n\n\n\n<h2 class=\"wp-block-heading\"><\/h2>\n\n\n\n<p><\/p>\n","protected":false},"excerpt":{"rendered":"<p>Ana \u00dcr\u00fcnler Yurt D\u0131\u015f\u0131 Setler \u00d6zel \u00dcretim \u00dcr\u00fcnler<\/p>\n","protected":false},"author":1,"featured_media":0,"parent":0,"menu_order":0,"comment_status":"closed","ping_status":"closed","template":"","meta":{"om_disable_all_campaigns":false,"_monsterinsights_skip_tracking":false,"_monsterinsights_sitenote_active":false,"_monsterinsights_sitenote_note":"","_monsterinsights_sitenote_category":0,"neve_meta_sidebar":"full-width","neve_meta_container":"","neve_meta_enable_content_width":"on","neve_meta_content_width":100,"neve_meta_title_alignment":"","neve_meta_author_avatar":"","neve_post_elements_order":"","neve_meta_disable_header":"","neve_meta_disable_footer":"","neve_meta_disable_title":"on","_themeisle_gutenberg_block_has_review":false,"footnotes":""},"class_list":["post-69","page","type-page","status-publish","hentry"],"aioseo_notices":[],"_links":{"self":[{"href":"https:\/\/deltalazer.com\/index.php?rest_route=\/wp\/v2\/pages\/69","targetHints":{"allow":["GET"]}}],"collection":[{"href":"https:\/\/deltalazer.com\/index.php?rest_route=\/wp\/v2\/pages"}],"about":[{"href":"https:\/\/deltalazer.com\/index.php?rest_route=\/wp\/v2\/types\/page"}],"author":[{"embeddable":true,"href":"https:\/\/deltalazer.com\/index.php?rest_route=\/wp\/v2\/users\/1"}],"replies":[{"embeddable":true,"href":"https:\/\/deltalazer.com\/index.php?rest_route=%2Fwp%2Fv2%2Fcomments&post=69"}],"version-history":[{"count":11,"href":"https:\/\/deltalazer.com\/index.php?rest_route=\/wp\/v2\/pages\/69\/revisions"}],"predecessor-version":[{"id":1121,"href":"https:\/\/deltalazer.com\/index.php?rest_route=\/wp\/v2\/pages\/69\/revisions\/1121"}],"wp:attachment":[{"href":"https:\/\/deltalazer.com\/index.php?rest_route=%2Fwp%2Fv2%2Fmedia&parent=69"}],"curies":[{"name":"wp","href":"https:\/\/api.w.org\/{rel}","templated":true}]}}