{"id":1170,"date":"2025-02-02T23:41:47","date_gmt":"2025-02-02T20:41:47","guid":{"rendered":"https:\/\/deltalazer.com\/?page_id=1170"},"modified":"2025-02-03T00:05:25","modified_gmt":"2025-02-02T21:05:25","slug":"fiyatlar","status":"publish","type":"page","link":"https:\/\/deltalazer.com\/?page_id=1170","title":{"rendered":"Fiyatlar"},"content":{"rendered":"\n<figure class=\"wp-block-image size-large\"><img fetchpriority=\"high\" decoding=\"async\" width=\"1024\" height=\"341\" src=\"https:\/\/deltalazer.com\/wp-content\/uploads\/2025\/02\/Fiyatlar-1024x341.png\" alt=\"\" class=\"wp-image-1173\" srcset=\"https:\/\/deltalazer.com\/wp-content\/uploads\/2025\/02\/Fiyatlar-1024x341.png 1024w, https:\/\/deltalazer.com\/wp-content\/uploads\/2025\/02\/Fiyatlar-300x100.png 300w, https:\/\/deltalazer.com\/wp-content\/uploads\/2025\/02\/Fiyatlar-768x256.png 768w, https:\/\/deltalazer.com\/wp-content\/uploads\/2025\/02\/Fiyatlar-1536x512.png 1536w, https:\/\/deltalazer.com\/wp-content\/uploads\/2025\/02\/Fiyatlar-600x200.png 600w, https:\/\/deltalazer.com\/wp-content\/uploads\/2025\/02\/Fiyatlar.png 1800w\" sizes=\"(max-width: 1024px) 100vw, 1024px\" \/><\/figure>\n\n\n\n<div style=\"height:100px\" aria-hidden=\"true\" class=\"wp-block-spacer\"><\/div>\n\n\n\n<h3 class=\"wp-block-heading\">Cihaz Fiyatlar\u0131<\/h3>\n\n\n\n<ul class=\"wp-block-list\">\n<li><strong>Delta Diode Lazer :<\/strong>\u00a0Vadeli <mark style=\"background-color:rgba(0, 0, 0, 0)\" class=\"has-inline-color has-nv-c-2-color\">450.000TL+KDV<\/mark> \/ Nakit <mark style=\"background-color:rgba(0, 0, 0, 0)\" class=\"has-inline-color has-nv-c-1-color\">350.000TL+KDV<\/mark><\/li>\n\n\n\n<li><strong>Delta Shape :<\/strong>\u00a0Vadeli <mark style=\"background-color:rgba(0, 0, 0, 0)\" class=\"has-inline-color has-nv-c-2-color\">240.000TL+KDV<\/mark> \/ Nakit <mark style=\"background-color:rgba(0, 0, 0, 0)\" class=\"has-inline-color has-nv-c-1-color\">180.000TL+KDV<\/mark><\/li>\n\n\n\n<li><strong>Heleniz Plazma ARC\u00a0<\/strong>: Nakit Cihaz\u0131 <mark style=\"background-color:rgba(0, 0, 0, 0)\" class=\"has-inline-color has-nv-c-1-color\">125.000+KDV<\/mark><\/li>\n<\/ul>\n\n\n\n<div style=\"height:45px\" aria-hidden=\"true\" class=\"wp-block-spacer\"><\/div>\n\n\n\n<h3 class=\"wp-block-heading\">Anakart ve Set Fiyatlar\u0131<\/h3>\n\n\n\n<ul class=\"wp-block-list\">\n<li><strong>IPL Ekran + Kontrol Kart\u0131 : <\/strong><mark style=\"background-color:rgba(0, 0, 0, 0)\" class=\"has-inline-color has-nv-c-1-color\">500$<\/mark><\/li>\n\n\n\n<li><strong>Diode Set Tek Ba\u015fl\u0131kl\u0131: <\/strong><mark style=\"background-color:rgba(0, 0, 0, 0)\" class=\"has-inline-color has-nv-c-2-color\">2450$ <\/mark>(Yurt D\u0131\u015f\u0131 \u00dcr\u00fcn Tedari\u011fi Beklemeksizin Hemen Teslim Fiyat\u0131d\u0131r)<\/li>\n\n\n\n<li><strong>Diode Set Tek Ba\u015fl\u0131kl\u0131 Yurt D\u0131\u015f\u0131 Sipari\u015f :<\/strong> <mark style=\"background-color:rgba(0, 0, 0, 0)\" class=\"has-inline-color has-nv-c-1-color\">1450$<\/mark> (Yurt D\u0131\u015f\u0131ndan \u00dcr\u00fcn G\u00fcvencemiz Alt\u0131nda Tedarik Edilip Size Teslim Edilir)<\/li>\n\n\n\n<li><strong>Diode Set \u00c7ift Ba\u015fl\u0131kl\u0131 :<\/strong> <mark style=\"background-color:rgba(0, 0, 0, 0)\" class=\"has-inline-color has-nv-c-2-color\">3450$<\/mark> (Yurt D\u0131\u015f\u0131 \u00dcr\u00fcn Tedari\u011fi Beklemeksizin Hemen Teslim Fiyat\u0131d\u0131r)<\/li>\n\n\n\n<li><strong>Diode Set \u00c7ift Ba\u015fl\u0131kl\u0131 Yurt D\u0131\u015f\u0131 Sipari\u015f : <\/strong><mark style=\"background-color:rgba(0, 0, 0, 0)\" class=\"has-inline-color has-nv-c-1-color\">2450$<\/mark> (Yurt D\u0131\u015f\u0131ndan \u00dcr\u00fcn G\u00fcvencemiz Alt\u0131nda Tedarik Edilip Size Teslim Edilir)<\/li>\n\n\n\n<li><strong>EMS Set :<\/strong> <mark style=\"background-color:rgba(0, 0, 0, 0)\" class=\"has-inline-color has-nv-c-1-color\">1900$<\/mark> (Stok Sorunuz)<\/li>\n\n\n\n<li><strong>Candela Set :<\/strong> <mark style=\"background-color:rgba(0, 0, 0, 0)\" class=\"has-inline-color has-nv-c-1-color\">3600$<\/mark> (Stok Sorunuz)<\/li>\n\n\n\n<li><strong>Tens\/Galvanik Ak\u0131m Seti :<\/strong> <mark style=\"background-color:rgba(0, 0, 0, 0)\" class=\"has-inline-color has-neve-link-hover-color-color\">1600$<\/mark> (Sadece \u00d6zel \u00dcretimdir Sipari\u015f \u00dczere Yap\u0131l\u0131r)<\/li>\n\n\n\n<li><strong>ARC Set :<\/strong> <mark style=\"background-color:rgba(0, 0, 0, 0)\" class=\"has-inline-color has-neve-link-hover-color-color\">1350$<\/mark> (Sadece \u00d6zel \u00dcretimdir Sipari\u015f \u00dczere Yap\u0131l\u0131r)<\/li>\n\n\n\n<li><strong>B\u00f6lgesel \u0130ncelme \/ Zay\u0131flama Set :<\/strong> <mark style=\"background-color:rgba(0, 0, 0, 0)\" class=\"has-inline-color has-neve-link-hover-color-color\">1600$<\/mark> ( Sipari\u015f \u00dczerine \u00dcretilmektedir \u00dcretim S\u00fcreci En Zor \u00dcr\u00fcn\u00fcm\u00fczd\u00fcr Tahmini \u00dcretim S\u00fcreci 3-4 G\u00fcn)<\/li>\n<\/ul>\n\n\n\n<div style=\"height:45px\" aria-hidden=\"true\" class=\"wp-block-spacer\"><\/div>\n\n\n\n<h3 class=\"wp-block-heading\">Yaz\u0131l\u0131m ve G\u00f6rsel Tasar\u0131m Fiyatlar\u0131<\/h3>\n\n\n\n<ul class=\"wp-block-list\">\n<li><strong>\u00d6zel Tasar\u0131m Ekran : <\/strong>3500$ (Teslim S\u00fcresi 10 \u0130\u015f G\u00fcn\u00fcd\u00fcr)<\/li>\n\n\n\n<li><strong>Yaz\u0131l\u0131msal De\u011fi\u015fiklik \u00dccreti :<\/strong> 2000$ (Teslim S\u00fcresi \u0130stenilen De\u011fi\u015fikli\u011fe G\u00f6re De\u011fi\u015fmektedir)<\/li>\n\n\n\n<li><strong>\u00d6zel Kart Yapt\u0131rma \u00dccreti :<\/strong> 15000$ (Teslim S\u00fcresi \u0130stenilen De\u011fi\u015fikli\u011fe G\u00f6re De\u011fi\u015fmektedir Tahmini 3-6 Ay Aras\u0131d\u0131r)<\/li>\n<\/ul>\n\n\n\n<div style=\"height:41px\" aria-hidden=\"true\" class=\"wp-block-spacer\"><\/div>\n\n\n\n<p>T\u00fcm \u00fcr\u00fcnlerimiz sipari\u015f sonras\u0131 programlanarak test edilmekte ve paketlenmektedir. Bu sebepten dolay\u0131 saat 12:00 dan sonra yap\u0131lan \u00f6demelerin sipari\u015fleri bir sonraki g\u00fcn kargoya verilecektir. Otob\u00fcs, u\u00e7ak kargo gibi hizmetlerimiz yoktur. Ma\u011fazam\u0131zdan teslim \u00fcr\u00fcnler i\u00e7in l\u00fctfen bizimle irtibata ge\u00e7iniz.<\/p>\n\n\n\n<h3 class=\"wp-block-heading\"><strong>\u00c7al\u0131\u015fma saatleri :<\/strong> Pazartesi-Cuma 09.00-18.00<\/h3>\n\n\n\n<div style=\"height:632px\" aria-hidden=\"true\" class=\"wp-block-spacer\"><\/div>\n","protected":false},"excerpt":{"rendered":"<p>Cihaz Fiyatlar\u0131 Anakart ve Set Fiyatlar\u0131 Yaz\u0131l\u0131m ve G\u00f6rsel Tasar\u0131m Fiyatlar\u0131 T\u00fcm \u00fcr\u00fcnlerimiz sipari\u015f sonras\u0131 programlanarak test edilmekte ve paketlenmektedir. Bu sebepten dolay\u0131 saat 12:00 dan sonra yap\u0131lan \u00f6demelerin sipari\u015fleri bir sonraki g\u00fcn kargoya verilecektir. Otob\u00fcs, u\u00e7ak kargo gibi hizmetlerimiz yoktur. Ma\u011fazam\u0131zdan teslim \u00fcr\u00fcnler i\u00e7in l\u00fctfen bizimle irtibata ge\u00e7iniz. \u00c7al\u0131\u015fma saatleri : Pazartesi-Cuma 09.00-18.00<\/p>\n","protected":false},"author":1,"featured_media":0,"parent":0,"menu_order":0,"comment_status":"closed","ping_status":"closed","template":"","meta":{"om_disable_all_campaigns":false,"_monsterinsights_skip_tracking":false,"_monsterinsights_sitenote_active":false,"_monsterinsights_sitenote_note":"","_monsterinsights_sitenote_category":0,"neve_meta_sidebar":"","neve_meta_container":"","neve_meta_enable_content_width":"","neve_meta_content_width":0,"neve_meta_title_alignment":"","neve_meta_author_avatar":"","neve_post_elements_order":"","neve_meta_disable_header":"","neve_meta_disable_footer":"","neve_meta_disable_title":"","_themeisle_gutenberg_block_has_review":false,"footnotes":""},"class_list":["post-1170","page","type-page","status-publish","hentry"],"aioseo_notices":[],"_links":{"self":[{"href":"https:\/\/deltalazer.com\/index.php?rest_route=\/wp\/v2\/pages\/1170","targetHints":{"allow":["GET"]}}],"collection":[{"href":"https:\/\/deltalazer.com\/index.php?rest_route=\/wp\/v2\/pages"}],"about":[{"href":"https:\/\/deltalazer.com\/index.php?rest_route=\/wp\/v2\/types\/page"}],"author":[{"embeddable":true,"href":"https:\/\/deltalazer.com\/index.php?rest_route=\/wp\/v2\/users\/1"}],"replies":[{"embeddable":true,"href":"https:\/\/deltalazer.com\/index.php?rest_route=%2Fwp%2Fv2%2Fcomments&post=1170"}],"version-history":[{"count":11,"href":"https:\/\/deltalazer.com\/index.php?rest_route=\/wp\/v2\/pages\/1170\/revisions"}],"predecessor-version":[{"id":1182,"href":"https:\/\/deltalazer.com\/index.php?rest_route=\/wp\/v2\/pages\/1170\/revisions\/1182"}],"wp:attachment":[{"href":"https:\/\/deltalazer.com\/index.php?rest_route=%2Fwp%2Fv2%2Fmedia&parent=1170"}],"curies":[{"name":"wp","href":"https:\/\/api.w.org\/{rel}","templated":true}]}}